{"id":89,"date":"2019-05-02T23:16:59","date_gmt":"2019-05-02T21:16:59","guid":{"rendered":"https:\/\/inspire-polyfoam.de\/?page_id=89"},"modified":"2019-05-02T23:17:00","modified_gmt":"2019-05-02T21:17:00","slug":"consulting","status":"publish","type":"page","link":"https:\/\/ispt-solutions.com\/en\/consulting\/","title":{"rendered":"Consulting"},"content":{"rendered":"\n<p style=\"text-align:left\">Im Zuge der zunehmenden Globalisierung ist die Umsetzung von Innovationen ein entscheidender Wettbewerbsfaktor. Gerade kleine und mittelst\u00e4ndische Unternehmen tragen heutzutage zur Erhaltung der Arbeitskr\u00e4fte bei und haben oft hohes Innovationspotential. Um die Innovationen, die meist in Form von Produkten, Technologien und Verfahren in Unternehmen gegeben aber aufgrund technischer Risiken nicht umgesetzt werden, werden gute Konzepte durch verschiedene Bundesministerium gef\u00f6rdert.<\/p>\n\n\n\n<p>Wir beraten Sie gerne, wenn Sie eine unternehmerische Idee vorantreiben m\u00f6chten. Die Beratung beinhaltet die F\u00f6rderm\u00f6glichkeiten, die F\u00f6rderantragstellung und die Begleitung des Projektes bis zum Prototypen oder der Markteinf\u00fchrung.<\/p>\n","protected":false},"excerpt":{"rendered":"<p>Im Zuge der zunehmenden Globalisierung ist die Umsetzung von Innovationen ein entscheidender Wettbewerbsfaktor. Gerade kleine und mittelst\u00e4ndische Unternehmen tragen heutzutage zur Erhaltung der Arbeitskr\u00e4fte bei und haben oft hohes Innovationspotential. Um die Innovationen, die meist in Form von Produkten, Technologien und Verfahren in Unternehmen gegeben aber aufgrund technischer Risiken nicht&#8230;<\/p>\n","protected":false},"author":1,"featured_media":0,"parent":0,"menu_order":0,"comment_status":"closed","ping_status":"closed","template":"","meta":{"footnotes":""},"class_list":["post-89","page","type-page","status-publish","hentry"],"translation":{"provider":"WPGlobus","version":"3.0.0","language":"en","enabled_languages":["de","en"],"languages":{"de":{"title":true,"content":true,"excerpt":false},"en":{"title":true,"content":false,"excerpt":false}}},"_links":{"self":[{"href":"https:\/\/ispt-solutions.com\/en\/wp-json\/wp\/v2\/pages\/89"}],"collection":[{"href":"https:\/\/ispt-solutions.com\/en\/wp-json\/wp\/v2\/pages"}],"about":[{"href":"https:\/\/ispt-solutions.com\/en\/wp-json\/wp\/v2\/types\/page"}],"author":[{"embeddable":true,"href":"https:\/\/ispt-solutions.com\/en\/wp-json\/wp\/v2\/users\/1"}],"replies":[{"embeddable":true,"href":"https:\/\/ispt-solutions.com\/en\/wp-json\/wp\/v2\/comments?post=89"}],"version-history":[{"count":3,"href":"https:\/\/ispt-solutions.com\/en\/wp-json\/wp\/v2\/pages\/89\/revisions"}],"predecessor-version":[{"id":933,"href":"https:\/\/ispt-solutions.com\/en\/wp-json\/wp\/v2\/pages\/89\/revisions\/933"}],"wp:attachment":[{"href":"https:\/\/ispt-solutions.com\/en\/wp-json\/wp\/v2\/media?parent=89"}],"curies":[{"name":"wp","href":"https:\/\/api.w.org\/{rel}","templated":true}]}}