{"id":614,"date":"2020-11-09T20:06:39","date_gmt":"2020-11-09T19:06:39","guid":{"rendered":"https:\/\/inspire-polyfoam.de\/?page_id=614"},"modified":"2025-04-09T11:43:25","modified_gmt":"2025-04-09T09:43:25","slug":"aktuelles-2","status":"publish","type":"page","link":"https:\/\/ispt-solutions.com\/en\/","title":{"rendered":"Aktuelles"},"content":{"rendered":"\n<figure class=\"wp-block-image\"><img decoding=\"async\" src=\"https:\/\/inspire-polyfoam.de\/wp-content\/uploads\/2020\/04\/Altair.svg\" alt=\"\" class=\"wp-image-207\"\/><\/figure>\n\n\n\n<div style=\"height:46px\" aria-hidden=\"true\" class=\"wp-block-spacer\"><\/div>\n\n\n\n<h1 class=\"wp-block-heading has-text-align-center\"><strong>Simulationsl\u00f6sungen f\u00fcr jede Aufgabenstellung<\/strong><\/h1>\n\n\n\n<div style=\"height:20px\" aria-hidden=\"true\" class=\"wp-block-spacer\"><\/div>\n\n\n\n<p>Wir von der ISPT freuen uns Ihnen Altair One vorstellen zu d\u00fcrfen, die Plattform die mit ihren Anforderung mitw\u00e4chst. <br><br>Altair One erm\u00f6glicht es Ihnen kollaborativ an Projekten zu arbeiten und zus\u00e4tzlich zu ihrer On-Premises Nutzung die HPC Resourcen von Altair One zu nutzen. Nutzen Sie ihre Software Lokal oder in der Cloud, Altair One bietet ihnen maximale Flexibilit\u00e4t und bestm\u00f6gliche Rescourcenausnutzung.<br><br>Altair One nutzt Altair Units als Lizensierungssystem welche es Ihnen erm\u00f6glichen Altair Softwareprodukte als auch Partnerprodukte mit einer Lizenz zu nutzen. <br><br><br><br><\/p>\n\n\n\n<p><\/p>\n\n\n\n<div style=\"height:20px\" aria-hidden=\"true\" class=\"wp-block-spacer\"><\/div>\n\n\n\n<hr class=\"wp-block-separator has-css-opacity is-style-wide\"\/>\n\n\n\n<div class=\"wp-block-columns alignfull has-2-columns is-layout-flex wp-container-core-columns-is-layout-1 wp-block-columns-is-layout-flex\">\n<div class=\"wp-block-column is-layout-flow wp-block-column-is-layout-flow\">\n<p class=\"has-text-align-center has-medium-font-size\"> Was sind Altair  Units (AU)?<\/p>\n\n\n\n<p class=\"has-text-align-center\"><a href=\"https:\/\/inspire-polyfoam.de\/was-sind-solidthinking-units\/\">Mehr Informationen<\/a><\/p>\n<\/div>\n\n\n\n<div class=\"wp-block-column is-layout-flow wp-block-column-is-layout-flow\">\n<p class=\"has-text-align-center has-medium-font-size\"> Wie kann man Altair Units (AU) aktivieren?<\/p>\n\n\n\n<p class=\"has-text-align-center\"><a href=\"https:\/\/www.youtube.com\/watch?v=ffr2OHxp6aY\">Mehr Informationen<\/a><\/p>\n<\/div>\n<\/div>\n\n\n\n<hr class=\"wp-block-separator has-css-opacity is-style-wide\"\/>\n\n\n\n<p class=\"has-text-align-center\" style=\"font-size:12px\"><\/p>\n\n\n\n<figure class=\"wp-block-image alignwide\"><img loading=\"lazy\" decoding=\"async\" width=\"1200\" height=\"288\" src=\"https:\/\/inspire-polyfoam.de\/wp-content\/uploads\/2020\/04\/Inspire_Wrf.gif\" alt=\"\" class=\"wp-image-237\"\/><\/figure>\n\n\n\n<div style=\"height:31px\" aria-hidden=\"true\" class=\"wp-block-spacer\"><\/div>\n\n\n\n<p class=\"has-text-align-center has-medium-font-size\">Warum Simulation-Driven Design?<\/p>\n\n\n\n<p class=\"has-text-align-center\">Simulationen werden nicht mehr nur f\u00fcr die Validierung und Analyse von Designs und Konstruktionen genutzt. Ihr volles Potential entfalten sie bei der Anwendung \u00fcber den kompletten Entwicklungszyklus, von der fr\u00fchen Designphase bis zur Produktion. Das ist Simulation-Driven Design.<\/p>\n\n\n\n<div class=\"wp-block-columns has-2-columns is-layout-flex wp-container-core-columns-is-layout-2 wp-block-columns-is-layout-flex\">\n<div class=\"wp-block-column is-layout-flow wp-block-column-is-layout-flow\">\n<figure class=\"wp-block-image\"><img loading=\"lazy\" decoding=\"async\" width=\"684\" height=\"375\" src=\"https:\/\/inspire-polyfoam.de\/wp-content\/uploads\/2020\/04\/inspire2.jpg\" alt=\"\" class=\"wp-image-240\" srcset=\"https:\/\/ispt-solutions.com\/wp-content\/uploads\/2020\/04\/inspire2.jpg 684w, https:\/\/ispt-solutions.com\/wp-content\/uploads\/2020\/04\/inspire2-300x164.jpg 300w\" sizes=\"(max-width: 684px) 100vw, 684px\" \/><\/figure>\n\n\n\n<p class=\"has-text-align-center has-vivid-cyan-blue-color has-text-color has-medium-font-size\"><strong>Altair Inspire<\/strong><\/p>\n\n\n\n<p class=\"has-text-align-center\">Topologie &amp; Strukturoptimierung mit einer leistungsstarken Simulationsl\u00f6sung f\u00fcr Designer und Konstrukteure.<\/p>\n\n\n\n<p class=\"has-text-align-center\"><a href=\"https:\/\/inspire-polyfoam.de\/altair-inspire\/\">Mehr Informationen<\/a><\/p>\n\n\n\n<figure class=\"wp-block-image\"><img loading=\"lazy\" decoding=\"async\" width=\"684\" height=\"375\" src=\"https:\/\/inspire-polyfoam.de\/wp-content\/uploads\/2020\/04\/manufact-1.jpg\" alt=\"\" class=\"wp-image-245\" srcset=\"https:\/\/ispt-solutions.com\/wp-content\/uploads\/2020\/04\/manufact-1.jpg 684w, https:\/\/ispt-solutions.com\/wp-content\/uploads\/2020\/04\/manufact-1-300x164.jpg 300w\" sizes=\"(max-width: 684px) 100vw, 684px\" \/><\/figure>\n\n\n\n<p class=\"has-text-align-center has-vivid-cyan-blue-color has-text-color has-medium-font-size\"><strong>Fertigungssimulation<\/strong><\/p>\n\n\n\n<p class=\"has-text-align-center\">Simulation des gesamten Fertigungsprozesses, Gie\u00dfen, Metal- und Polymerextrusion, Blechumformung, additive Fertigung und mehr.<\/p>\n\n\n\n<p class=\"has-text-align-center\"><a href=\"https:\/\/inspire-polyfoam.de\/altair-inspire\/\">Mehr Informationen<\/a><\/p>\n<\/div>\n\n\n\n<div class=\"wp-block-column is-layout-flow wp-block-column-is-layout-flow\">\n<figure class=\"wp-block-image\"><img loading=\"lazy\" decoding=\"async\" width=\"684\" height=\"375\" src=\"https:\/\/inspire-polyfoam.de\/wp-content\/uploads\/2020\/04\/simlab.jpg\" alt=\"\" class=\"wp-image-241\" srcset=\"https:\/\/ispt-solutions.com\/wp-content\/uploads\/2020\/04\/simlab.jpg 684w, https:\/\/ispt-solutions.com\/wp-content\/uploads\/2020\/04\/simlab-300x164.jpg 300w\" sizes=\"(max-width: 684px) 100vw, 684px\" \/><\/figure>\n\n\n\n<p class=\"has-text-align-center has-vivid-cyan-blue-color has-text-color has-medium-font-size\"><strong>Altair SimLab <\/strong><\/p>\n\n\n\n<p class=\"has-text-align-center\">Eine Prozessorientierte multi-Disziplin\u00e4re Simulationsumgebung zur genauen Analyse komplexer Baugruppen.<\/p>\n\n\n\n<p class=\"has-text-align-center\"><a href=\"#\">Mehr Informationen<\/a><\/p>\n\n\n\n<figure class=\"wp-block-image\"><img loading=\"lazy\" decoding=\"async\" width=\"684\" height=\"375\" src=\"https:\/\/inspire-polyfoam.de\/wp-content\/uploads\/2020\/04\/simsolid2.jpg\" alt=\"\" class=\"wp-image-246\" srcset=\"https:\/\/ispt-solutions.com\/wp-content\/uploads\/2020\/04\/simsolid2.jpg 684w, https:\/\/ispt-solutions.com\/wp-content\/uploads\/2020\/04\/simsolid2-300x164.jpg 300w\" sizes=\"(max-width: 684px) 100vw, 684px\" \/><\/figure>\n\n\n\n<p class=\"has-text-align-center has-vivid-cyan-blue-color has-text-color has-medium-font-size\"><strong>Altair SimSolid<\/strong><\/p>\n\n\n\n<p class=\"has-text-align-center\">Eine Bahnbrechende Simulationsmethode f\u00fcr Designer, Ingenieure und Analysten welche komplexe Baugruppen in Minuten simuliert.<\/p>\n\n\n\n<p class=\"has-text-align-center\"><a href=\"https:\/\/inspire-polyfoam.de\/simsolid\/\">Mehr Informationen<\/a><\/p>\n<\/div>\n<\/div>\n\n\n\n\n\n<p><\/p>\n","protected":false},"excerpt":{"rendered":"<p>Simulationsl\u00f6sungen f\u00fcr jede Aufgabenstellung Wir von der ISPT freuen uns Ihnen Altair One vorstellen zu d\u00fcrfen, die Plattform die mit ihren Anforderung mitw\u00e4chst. Altair One erm\u00f6glicht es Ihnen kollaborativ an Projekten zu arbeiten und zus\u00e4tzlich zu ihrer On-Premises Nutzung die HPC Resourcen von Altair One zu nutzen. Nutzen Sie ihre&#8230;<\/p>\n","protected":false},"author":1,"featured_media":0,"parent":0,"menu_order":0,"comment_status":"closed","ping_status":"closed","template":"","meta":{"footnotes":""},"class_list":["post-614","page","type-page","status-publish","hentry"],"translation":{"provider":"WPGlobus","version":"3.0.0","language":"en","enabled_languages":["de","en"],"languages":{"de":{"title":true,"content":true,"excerpt":false},"en":{"title":false,"content":false,"excerpt":false}}},"_links":{"self":[{"href":"https:\/\/ispt-solutions.com\/en\/wp-json\/wp\/v2\/pages\/614"}],"collection":[{"href":"https:\/\/ispt-solutions.com\/en\/wp-json\/wp\/v2\/pages"}],"about":[{"href":"https:\/\/ispt-solutions.com\/en\/wp-json\/wp\/v2\/types\/page"}],"author":[{"embeddable":true,"href":"https:\/\/ispt-solutions.com\/en\/wp-json\/wp\/v2\/users\/1"}],"replies":[{"embeddable":true,"href":"https:\/\/ispt-solutions.com\/en\/wp-json\/wp\/v2\/comments?post=614"}],"version-history":[{"count":14,"href":"https:\/\/ispt-solutions.com\/en\/wp-json\/wp\/v2\/pages\/614\/revisions"}],"predecessor-version":[{"id":1541,"href":"https:\/\/ispt-solutions.com\/en\/wp-json\/wp\/v2\/pages\/614\/revisions\/1541"}],"wp:attachment":[{"href":"https:\/\/ispt-solutions.com\/en\/wp-json\/wp\/v2\/media?parent=614"}],"curies":[{"name":"wp","href":"https:\/\/api.w.org\/{rel}","templated":true}]}}