{"id":53,"date":"2019-05-02T17:30:52","date_gmt":"2019-05-02T15:30:52","guid":{"rendered":"https:\/\/inspire-polyfoam.de\/?page_id=53"},"modified":"2020-11-10T00:03:40","modified_gmt":"2020-11-09T23:03:40","slug":"datenschutzerklarung","status":"publish","type":"page","link":"https:\/\/ispt-solutions.com\/en\/datenschutzerklarung\/","title":{"rendered":"Datenschutzerkl\u00e4rung"},"content":{"rendered":"\n<h2 class=\"wp-block-heading\">Datenschutzerkl\u00e4rung<\/h2>\n\n\n\n<p><strong>Allgemeine Vorbemerkungen<\/strong><br>Die ISPT GmbH &amp; Co. KG nimmt den Schutz von personenbezogenen Daten sehr ernst. Wir verarbeiten personenbezogene Daten, die beim Besuch unserer Webseiten erhoben werden, unter Beachtung der geltenden datenschutzrechtlichen Bestimmungen. Es gelten insbesondere das Datenschutzgesetz NRW (DSG NRW), die Datenschutzgrundverordnung (DSGVO) und das Telemediengesetz.<\/p>\n\n\n\n<p><br><strong>Name und Anschrift des Verantwortlichen<\/strong><br>Der Verantwortliche im Sinne der Datenschutz-Grundverordnung und anderer nationaler Datenschutzgesetze der Mitgliedsstaaten sowie sonstiger datenschutzrechtlicher Bestimmungen ist die:<\/p>\n\n\n\n<p><br>ISPT GmbH &amp; Co. KG<br>ISPT-Consulting GmbH<br>Zentrum f\u00fcr Produktionstechnologie<br>Carlo-Schmid-Allee 3<br>D-44263 Dortmund<br><\/p>\n\n\n\n<div style=\"height:53px\" aria-hidden=\"true\" class=\"wp-block-spacer\"><\/div>\n\n\n\n<p><strong>Kontaktdaten des Datenschutzbeauftragten<\/strong><br>Der Datenschutzbeauftragte des Verantwortlichen ist erreichbar unter:<\/p>\n\n\n\n<p>Dipl.-Inform. Alessandro Selvaggio<\/p>\n\n\n\n<p>Tel.: +49 (231) 475 939 37<\/p>\n\n\n\n<p>Fax: +49 (231) 29273 4589 <\/p>\n\n\n\n<p>\n\nEmail: <a href=\"mailto:selvaggio@ispt-solutions.com\">selvaggio@ispt-solutions.com<\/a><\/p>\n\n\n\n<p><strong>I Umfang der Verarbeitung personenbezogener Daten<\/strong><br>Wir verarbeiten personenbezogene Daten unserer Nutzer grunds\u00e4tzlich nur, soweit dies zur Bereitstellung einer funktionsf\u00e4higen Website sowie unserer Inhalte und Leistungen erforderlich ist. Die Verarbeitung personenbezogener Daten unserer Nutzer erfolgt regelm\u00e4\u00dfig nur nach Einwilligung des Nutzers. Eine Ausnahme gilt in solchen F\u00e4llen, in denen eine vorherige Einholung einer Einwilligung aus tats\u00e4chlichen Gr\u00fcnden nicht m\u00f6glich ist und die Verarbeitung der Daten durch gesetzliche Vorschriften gestattet ist.<\/p>\n\n\n\n<p><br><strong>II Datenl\u00f6schung und Speicherdauer<\/strong><br>Die personenbezogenen Daten der betroffenen Person werden gel\u00f6scht oder gesperrt, sobald der Zweck der Speicherung entf\u00e4llt. Eine Speicherung kann dar\u00fcber hinaus erfolgen, wenn dies durch den europ\u00e4ischen oder nationalen Gesetzgeber in unionsrechtlichen Verordnungen, Gesetzen oder sonstigen Vorschriften, denen der Verantwortliche unterliegt, vorgesehen wurde. Eine Sperrung oder L\u00f6schung der Daten erfolgt auch dann, wenn eine durch die genannten Normen vorgeschriebene Speicherfrist abl\u00e4uft, es sei denn, dass eine Erforderlichkeit zur weiteren Speicherung der Daten f\u00fcr einen Vertragsabschluss oder eine Vertragserf\u00fcllung besteht.<\/p>\n\n\n\n<p><br><strong>III Bereitstellung der Website und Erstellung von Logfiles<\/strong><br>1. Beschreibung und Umfang der Datenverarbeitung<br>Bei jedem Aufruf unserer Internetseite erfasst unser System automatisiert Daten und Informationen vom Computersystem des aufrufenden Rechners. Folgende Daten werden hierbei erhoben:<br>(1) Informationen \u00fcber den Browsertyp und die verwendete Version<br>(2) Das Betriebssystem des Nutzers<br>(3) Die IP-Adresse des Nutzers<br>(4) Datum und Uhrzeit des Zugriffs<br>Die Daten werden ebenfalls in den Logfiles unseres Systems gespeichert. Eine Speicherung dieser Daten zusammen mit anderen personenbezogenen Daten des Nutzers findet nicht statt.<\/p>\n\n\n\n<p>2. Zweck und Rechtsgrundlage f\u00fcr die Datenverarbeitung<br>Die vor\u00fcbergehende Speicherung der IP-Adresse durch das System ist notwendig, um eine Auslieferung der Website an den Rechner des Nutzers zu erm\u00f6glichen. Hierf\u00fcr muss die IP-Adresse des Nutzers f\u00fcr die Dauer der Sitzung gespeichert bleiben. Die Speicherung in Logfiles erfolgt, um die Funktionsf\u00e4higkeit der Website sicherzustellen. Eine Auswertung der Daten zu Marketingzwecken findet in diesem Zusammenhang nicht statt.<\/p>\n\n\n\n<p>3. Dauer der Speicherung<br>Die Verarbeitung findet w\u00e4hrend der Nutzung bis zum Ende der jeweiligen Sitzung statt. Im Falle der Speicherung der Daten in Logfiles ist dies nach sp\u00e4testens 24 Stunden der Fall. Danach sind die IP-Adressen der Nutzeranonymisiert, sodass eine Zuordnung des aufrufenden Clients nicht mehr m\u00f6glich ist.<\/p>\n\n\n\n<p><br><strong>IV. Rechte der betroffenen Person<\/strong><br>Werden personenbezogene Daten von Ihnen verarbeitet, sind Sie betroffene Person i.S.d. DSGVO und es stehen Ihnen folgende Rechte gegen\u00fcber dem Verantwortlichen zu: Wenn sie ihre Rechte in Anspruch nehmen wollen, wenden Sie sich bitte an den Datenschutzbeauftragten<\/p>\n\n\n\n<p>1. Auskunft (Art 15 DSGVO)<br>Sie haben das Recht auf Auskunft \u00fcber Sie betreffende personenbezogene Daten, die erhoben, verarbeitet oder ggf. an Dritte \u00fcbermittelt werden.<\/p>\n\n\n\n<p>2. Widerspruch (Art. 21 DSGVO)<br>Sie haben das Recht gegen die Verarbeitung Ihrer personenbezogenen Daten Widerspruch einzulegen, soweit die Verarbeitung auf der Grundlage von Art. 6 (1) e oder f DSGVO erfolgt.<\/p>\n\n\n\n<p>3. L\u00f6schung (Art 17 DSGVO)<br>Insbesondere nach Ablauf der gesetzlich vorgeschriebenen Aufbewahrungsfristen haben Sie ein Recht auf L\u00f6schung Ihrer Daten.<\/p>\n\n\n\n<p>4. Einschr\u00e4nkung der Verarbeitung (Art 18 DSGVO)<br>In besonderen F\u00e4llen haben Sie das Recht auf Einschr\u00e4nkung der Verarbeitung. Dies ist dann der Fall, wenn die Datenverarbeitung unrechtm\u00e4\u00dfig sein sollte, Sie die Richtigkeit der erhobenen Daten bestreiten oder ein Widerspruch gegen die Verarbeitung eingelegt haben. Ebenso k\u00f6nnen Sie eine Einschr\u00e4nkung der Verarbeitung verlangen, wenn die Daten aufgrund der Zweckerreichung einer L\u00f6schpflicht unterliegen, Sie sie jedoch zur Geltendmachung von rechtlichen Ansprp\u00fcchen ben\u00f6tigen. Eine Einschr\u00e4nkung der Verarbeitung m\u00fcssen Sie beantragen.<\/p>\n\n\n\n<p>5. Berichtigung (Art 16 DSGVO)<br>Sie haben das Recht auf Berichtigung unrichtiger personenbezogener Daten.<\/p>\n\n\n\n<p>6. Recht auf Widerruf der datenschutzrechtlichen Einwilligungserkl\u00e4rung (Art 7 DSGVO) Sie haben das Recht, Ihre datenschutzrechtliche Einwilligungserkl\u00e4rung jederzeit zu widerrufen. Durch den Widerruf der Einwilligung wird die Rechtm\u00e4\u00dfigkeit der aufgrund der Einwilligung bis zum Widerruf erfolgten Verarbeitung nicht ber\u00fchrt.<\/p>\n\n\n\n<p>7. Recht auf Beschwerde bei einer Aufsichtsbeh\u00f6rde<br>Sie k\u00f6nnen sich jederzeit mit allen Fragen zum Datenschutz und um sich zu beschweren an eine Datenschutzaufsichtsbeh\u00f6rde wenden. Zust\u00e4ndig ist in unserem Fall die Landesbeauftragte f\u00fcr Datenschutz und Informationsfreiheit in Nordrhein-Westfalen.<\/p>\n","protected":false},"excerpt":{"rendered":"<p>Datenschutzerkl\u00e4rung Allgemeine VorbemerkungenDie ISPT GmbH &amp; Co. KG nimmt den Schutz von personenbezogenen Daten sehr ernst. Wir verarbeiten personenbezogene Daten, die beim Besuch unserer Webseiten erhoben werden, unter Beachtung der geltenden datenschutzrechtlichen Bestimmungen. Es gelten insbesondere das Datenschutzgesetz NRW (DSG NRW), die Datenschutzgrundverordnung (DSGVO) und das Telemediengesetz. Name und Anschrift&#8230;<\/p>\n","protected":false},"author":1,"featured_media":0,"parent":0,"menu_order":0,"comment_status":"closed","ping_status":"closed","template":"","meta":{"footnotes":""},"class_list":["post-53","page","type-page","status-publish","hentry"],"translation":{"provider":"WPGlobus","version":"3.0.0","language":"en","enabled_languages":["de","en"],"languages":{"de":{"title":true,"content":true,"excerpt":false},"en":{"title":false,"content":false,"excerpt":false}}},"_links":{"self":[{"href":"https:\/\/ispt-solutions.com\/en\/wp-json\/wp\/v2\/pages\/53"}],"collection":[{"href":"https:\/\/ispt-solutions.com\/en\/wp-json\/wp\/v2\/pages"}],"about":[{"href":"https:\/\/ispt-solutions.com\/en\/wp-json\/wp\/v2\/types\/page"}],"author":[{"embeddable":true,"href":"https:\/\/ispt-solutions.com\/en\/wp-json\/wp\/v2\/users\/1"}],"replies":[{"embeddable":true,"href":"https:\/\/ispt-solutions.com\/en\/wp-json\/wp\/v2\/comments?post=53"}],"version-history":[{"count":5,"href":"https:\/\/ispt-solutions.com\/en\/wp-json\/wp\/v2\/pages\/53\/revisions"}],"predecessor-version":[{"id":698,"href":"https:\/\/ispt-solutions.com\/en\/wp-json\/wp\/v2\/pages\/53\/revisions\/698"}],"wp:attachment":[{"href":"https:\/\/ispt-solutions.com\/en\/wp-json\/wp\/v2\/media?parent=53"}],"curies":[{"name":"wp","href":"https:\/\/api.w.org\/{rel}","templated":true}]}}