{"id":121,"date":"2019-05-03T00:38:09","date_gmt":"2019-05-02T22:38:09","guid":{"rendered":"https:\/\/inspire-polyfoam.de\/?page_id=121"},"modified":"2024-11-26T15:40:36","modified_gmt":"2024-11-26T14:40:36","slug":"impressum","status":"publish","type":"page","link":"https:\/\/ispt-solutions.com\/en\/impressum\/","title":{"rendered":"Imprint"},"content":{"rendered":"\n<p><strong>ISPT GmbH &amp; Co. KG&nbsp;<br>Zentrum f\u00fcr Produktionstechnologie<br>Carlo-Schmid-Allee 3<br>D-44263 Dortmund<\/strong><\/p>\n\n\n\n<p>\n\nE-Mail:&nbsp;<a href=\"mailto:info@ispt-solutions.com\">info@ispt-solutions.com<\/a><\/p>\n\n\n\n<p>Registergericht: Amtsgericht Dortmund<br>Registernummer: HRA 17672<br>Umsatzsteuer-Identifikationsnummer gem\u00e4\u00df \u00a7 27 a Umsatzsteuergesetz: DE-287460531<\/p>\n\n\n\n<p><strong>Vertretungsberechtigte Gesch\u00e4ftsf\u00fchrerin:\u00a0<\/strong><br>ISPT-Consulting GmbH \/ CEO: Alessandro Selvaggio<\/p>\n\n\n\n<p><strong>Haftungshinweis:<\/strong><br>Trotz sorgf\u00e4ltiger inhaltlicher Kontrolle \u00fcbernehmen wir keine Haftung f\u00fcr die Inhalte externer Links.<\/p>\n\n\n\n<p><\/p>\n","protected":false},"excerpt":{"rendered":"<p>ISPT GmbH &amp; Co. KG&nbsp;Zentrum f\u00fcr ProduktionstechnologieCarlo-Schmid-Allee 3D-44263 Dortmund E-Mail:&nbsp;info@ispt-solutions.com Registergericht: Amtsgericht DortmundRegisternummer: HRA 17672Umsatzsteuer-Identifikationsnummer gem\u00e4\u00df \u00a7 27 a Umsatzsteuergesetz: DE-287460531 Vertretungsberechtigte Gesch\u00e4ftsf\u00fchrerin:\u00a0ISPT-Consulting GmbH \/ CEO: Alessandro Selvaggio Haftungshinweis:Trotz sorgf\u00e4ltiger inhaltlicher Kontrolle \u00fcbernehmen wir keine Haftung f\u00fcr die Inhalte externer Links.<\/p>\n","protected":false},"author":1,"featured_media":0,"parent":0,"menu_order":0,"comment_status":"closed","ping_status":"closed","template":"","meta":{"footnotes":""},"class_list":["post-121","page","type-page","status-publish","hentry"],"translation":{"provider":"WPGlobus","version":"3.0.0","language":"en","enabled_languages":["de","en"],"languages":{"de":{"title":true,"content":true,"excerpt":false},"en":{"title":true,"content":true,"excerpt":false}}},"_links":{"self":[{"href":"https:\/\/ispt-solutions.com\/en\/wp-json\/wp\/v2\/pages\/121"}],"collection":[{"href":"https:\/\/ispt-solutions.com\/en\/wp-json\/wp\/v2\/pages"}],"about":[{"href":"https:\/\/ispt-solutions.com\/en\/wp-json\/wp\/v2\/types\/page"}],"author":[{"embeddable":true,"href":"https:\/\/ispt-solutions.com\/en\/wp-json\/wp\/v2\/users\/1"}],"replies":[{"embeddable":true,"href":"https:\/\/ispt-solutions.com\/en\/wp-json\/wp\/v2\/comments?post=121"}],"version-history":[{"count":7,"href":"https:\/\/ispt-solutions.com\/en\/wp-json\/wp\/v2\/pages\/121\/revisions"}],"predecessor-version":[{"id":1535,"href":"https:\/\/ispt-solutions.com\/en\/wp-json\/wp\/v2\/pages\/121\/revisions\/1535"}],"wp:attachment":[{"href":"https:\/\/ispt-solutions.com\/en\/wp-json\/wp\/v2\/media?parent=121"}],"curies":[{"name":"wp","href":"https:\/\/api.w.org\/{rel}","templated":true}]}}